{"id":715,"date":"2015-10-07T19:40:23","date_gmt":"2015-10-07T19:40:23","guid":{"rendered":"http:\/\/kamenica.naissus.info\/?page_id=715"},"modified":"2015-10-13T08:11:36","modified_gmt":"2015-10-13T08:11:36","slug":"donacija","status":"publish","type":"page","link":"https:\/\/kamenica.org.rs\/EN\/donacija\/","title":{"rendered":"DONATE"},"content":{"rendered":"<p>Ukoliko donirate po konkretnom projektu molimo navedite naziv projekta u rubrici Svrha uplate<br \/>\n(npr. Donacija za projekat &#8220;Trece doba&#8221;)<\/p>\n<p><a href=\"http:\/\/media.kamenica.naissus.info\/2015\/10\/donacija-nalog-za-uplatu.jpg\"><img loading=\"lazy\" decoding=\"async\" class=\"alignnone size-medium wp-image-727\" src=\"http:\/\/media.kamenica.naissus.info\/2015\/10\/donacija-nalog-za-uplatu-850x388.jpg\" alt=\"donacija--nalog-za-uplatu\" width=\"850\" height=\"388\" \/><\/a><\/p>\n<p><a href=\"http:\/\/media.kamenica.naissus.info\/2015\/10\/donacija-nalog-za-prenos.jpg\"><img loading=\"lazy\" decoding=\"async\" class=\"alignnone size-medium wp-image-726\" src=\"http:\/\/media.kamenica.naissus.info\/2015\/10\/donacija-nalog-za-prenos-850x390.jpg\" alt=\"donacija-nalog-za-prenos\" width=\"850\" height=\"390\" \/><\/a><\/p>\n<p>Po\u0161aljite nam Va\u0161u mejl adresu kako bi Vas pravovremeno obave\u0161tavali o utro\u0161ku va\u0161e donacije.<\/p>\n","protected":false},"excerpt":{"rendered":"<p>Ukoliko donirate po konkretnom projektu molimo navedite naziv projekta u rubrici Svrha uplate (npr. Donacija za projekat &#8220;Trece doba&#8221;) Po\u0161aljite nam Va\u0161u mejl adresu kako bi Vas pravovremeno obave\u0161tavali o utro\u0161ku va\u0161e<a class=\"moretag\" href=\"https:\/\/kamenica.org.rs\/EN\/donacija\/\">Read More&#8230;<\/a><\/p>\n","protected":false},"author":1,"featured_media":0,"parent":0,"menu_order":0,"comment_status":"closed","ping_status":"closed","template":"","meta":{"footnotes":""},"class_list":["post-715","page","type-page","status-publish","hentry"],"_links":{"self":[{"href":"https:\/\/kamenica.org.rs\/EN\/wp-json\/wp\/v2\/pages\/715","targetHints":{"allow":["GET"]}}],"collection":[{"href":"https:\/\/kamenica.org.rs\/EN\/wp-json\/wp\/v2\/pages"}],"about":[{"href":"https:\/\/kamenica.org.rs\/EN\/wp-json\/wp\/v2\/types\/page"}],"author":[{"embeddable":true,"href":"https:\/\/kamenica.org.rs\/EN\/wp-json\/wp\/v2\/users\/1"}],"replies":[{"embeddable":true,"href":"https:\/\/kamenica.org.rs\/EN\/wp-json\/wp\/v2\/comments?post=715"}],"version-history":[{"count":10,"href":"https:\/\/kamenica.org.rs\/EN\/wp-json\/wp\/v2\/pages\/715\/revisions"}],"predecessor-version":[{"id":730,"href":"https:\/\/kamenica.org.rs\/EN\/wp-json\/wp\/v2\/pages\/715\/revisions\/730"}],"wp:attachment":[{"href":"https:\/\/kamenica.org.rs\/EN\/wp-json\/wp\/v2\/media?parent=715"}],"curies":[{"name":"wp","href":"https:\/\/api.w.org\/{rel}","templated":true}]}}